{"id":54,"date":"2018-10-02T15:36:18","date_gmt":"2018-10-02T13:36:18","guid":{"rendered":"http:\/\/freiestimme.de\/?page_id=54"},"modified":"2025-12-01T22:02:34","modified_gmt":"2025-12-01T21:02:34","slug":"referenzen","status":"publish","type":"page","link":"https:\/\/freiestimme.de\/en\/referenzen\/","title":{"rendered":"Referenzen"},"content":{"rendered":"<h2>Referenzen<\/h2>\n<p class=\"\\&quot;p-square\\&quot;\">Aus Diskretionsgr\u00fcnden kann ich die Namen einiger prominenter S\u00e4nger und Schauspieler in meinen Referenzen nicht nennen.<\/p>\n<h3>Einzelcoaching f\u00fcr S\u00e4nger:<\/h3>\n<p><strong>Klassischer Gesang<\/strong><br \/>\nRupert Enticknap | Massimo Giordano | Nicole Haslett | Ina Kancheva | Christiane Karg | Sarah van der Kemp | Philipp Mathmann | G\u00fcnther Papendell | Alma Sad\u00e9 | Fatma Said | Ursula von den Steinen | Ausrine Stundyte | Ramon Vargas | Derek Welton | Martin W\u00f6lfel | Adela Zaharia | u.v.m.<\/p>\n<p><strong>Chanson und Cabaret<\/strong><br \/>\nTim Fischer | Eckart von Hirschhausen | Gisela May | Thomas Pigor\u00a0| Katherine Mehrling | u.v.m.<\/p>\n<p><strong>Populargesang<br \/>\n<\/strong>Lea Maria Becker | Betterov | Celena Boston | Sharon Brauner | Yvonne Catterfeld | Benny Fiedler \u00bbVoice of Germany\u00ab | Peter Fox \u00bbSeeed\u00ab | Ray Garvey \u00bbReamonn\u00ab | Gisbert | Marian Gold \u00bbAlphaville\u00ab | Herbert Gr\u00f6nemeyer | Max Herre | Anna Loos \u00bbSilly\u00ab | Katherine Mehrling | Stefphanie Klo\u00df, Silbermond | Arnim Teutoburg \u00bbBeatsteaks\u00ab | Rebecca Wais \u00bbX Factor\u00ab | Phillip Gr\u00fctering, Deichkind | Nullzehn 99 | u.v.m.<\/p>\n<p><strong>Musical<\/strong><br \/>\nVera Bolten | Silke Braas | Aris Sass | Sebastion Schr\u00f6der | Kaya Serkan | Claudia Stangl | u.v.m.<\/p>\n<h3>Einzelcoaching f\u00fcr Schauspieler:<\/h3>\n<p>Nadja Auermann | Mehmet Atesci | Sebastian Bezzel | Cate Blanchett | Jan B\u00fclow | Wayne Carpendale | Denis Cooper | Max Diehle | Martina Gedeck | Sonja Gerhardt | Martin Goeres | Mira Elisa Goeres | Karoline Herfurth | Hannah Herzsprung | Eckart von Hirschhausen | Bettina Hoppe | Shredy Jabari | Peter Kock | David Kross | Devrim Lignau | Anna Loos | Eva Matthes | \u00a0Gisela May | Claudia Michelsen | Desire Nosbusch | Deleila Piasko | Sophie Rois | Anneke Sarnau | Clemens Schick | Ciara Schoras | Reiner Sch\u00f6ne | Robert Seelinger | Judith Str\u00f6\u00dfenreuter | Katharina Wackernagel | Franziska Weisz | Ingeborg Westphal | Kai Wiesinger | Susanne Wolf (DTH) | Bettina Zimmermann | u.v.m.<\/p>\n<h3>Autoren<\/h3>\n<p>Marie Luise Knott | Sasha Salzmann | Yehudit Schalansky | Deniz Utlu | Necati \u00d6ziri | u.v.m.<\/p>\n<h3>Film- und Schauspielproduktionen:<\/h3>\n<p><strong>Mein Bester Freund<\/strong><br \/>\nDavid Kross | 2025<\/p>\n<p><strong>Babylon Berlin<br \/>\n<\/strong>Clemens Schick | 2024<\/p>\n<p><strong>Schauspielhaus Z\u00fcrich<br \/>\n<\/strong>&#8220;Der Ring&#8221; | Necati \u00d6ziri | 2022<\/p>\n<p><strong>Dor Film-West GmbH<br \/>\n<\/strong>&#8220;15 Jahre&#8221; | Hannah Herzsprung | 2021<\/p>\n<p><strong>Rosa von Praunheim<br \/>\n<\/strong>&#8220;Der letzte Tanz&#8221; | Rex Gildo | 2021<\/p>\n<p><strong>Zeitsprung Pictures GmbH<\/strong><br \/>\nDeleila Piasko | &#8220;Das Weisse Haus am Rhein&#8221; | 2021<\/p>\n<p><strong>Komplizenfilm<\/strong><br \/>\nSophie Rois | Milan Herms | &#8220;AEIOU&#8221; | 2021<\/p>\n<p><strong>Sommerhaus Serien GmbH<\/strong><br \/>\nDevrim Lignau | &#8220;Sissy&#8221; | 2021<\/p>\n<p><strong>Deutscher Filmpreis 2019<\/strong><br \/>\nDesire Nosbusch<\/p>\n<p><strong>Letterbox Filmproduktion GmbH<br \/>\n<\/strong>Coaching Jan B\u00fclow | &#8220;Mach dein Ding &#8211; Udo Lindenberg&#8221; | 2018<\/p>\n<p><strong>W\u00fcstefilm<br \/>\n<\/strong>Coaching Sebastian Bezzel | &#8220;Wenn schon falsch, dann richtig&#8221; | 2018<\/p>\n<p><strong>Komplizenfilm<br \/>\n<\/strong>Coaching Marko Mandic | Komplizen Film GmbH | 2017<\/p>\n<p><strong>ZDF<br \/>\n<\/strong>Coaching Sonja Gerhardt | &#8220;Kudamm 59&#8221; | 2017<\/p>\n<p><strong>Zeitsprung Pictures GmbH<\/strong><br \/>\nCoaching Hannah Herzsprung und Claudia Michelsen | &#8220;Dreigroschenfilm&#8221; | 2017<\/p>\n<p><strong>Majestic Film Production<br \/>\n<\/strong>Coaching Emma Barding | &#8220;Gr\u00fcner wird&#8217;s nicht&#8221; | 2017<\/p>\n<p><strong>Komplizenfilm<br \/>\n<\/strong>Coaching Meinhard Neumann | &#8220;Western&#8221; | 2016<\/p>\n<p><strong>Komplizenfilm<br \/>\n<\/strong>Coaching | Komplizenfilm | 2015<\/p>\n<p><strong>Teamworx<\/strong><br \/>\nCoaching Shredy Jabarin | &#8220;M\u00fcnchen 72&#8221; | 2012<\/p>\n<p><strong>Babelsberg Film GmbH<\/strong><br \/>\nCoaching Cate Blanchett, Saoirse Ronan | &#8220;Hanna&#8221; | 2010<\/p>\n<p><strong>Filmuniversit\u00e4t Babelsberg Konrad Wolf<\/strong><br \/>\nCoaching Katharina Wackernagel | &#8220;Aufstand der Praktikanten&#8221; | 2009<\/p>\n<p><strong>Novotny Film<\/strong><br \/>\nCoaching Martina Gedeck | &#8220;Jud S\u00fcss&#8221;| 2009<\/p>\n<p><strong>Moana-Film<\/strong><br \/>\nCoaching Hannah Herzsprung | &#8220;Pink&#8221; | 2009<\/p>\n<p><strong>Margarethe von Trotta<\/strong><br \/>\nCoaching Hannah Herzsprung | &#8220;Hildegard von Bingen&#8221; | 2008<\/p>\n<p><strong>Michael Herbig<\/strong><br \/>\nCoaching J\u00f6rg Moukkadam | &#8220;Wickie&#8221; | 2008<\/p>\n<p><strong>Hofmann &amp; Voges Entertainment GmbH<\/strong><br \/>\nCoaching Hannah Herzsprung | &#8220;Karl Valentin und Liesl Karlstadt&#8221; | 2007<\/p>\n<p><strong>Bavaria Film<\/strong><br \/>\nCoaching Karoline Herfurth | &#8220;Im Winter ein Jahr&#8221; Regie: Caroline Link | 2007<\/p>\n<p><strong>4Matic<\/strong><br \/>\nMercedes Spot | Radikal Media GmbH | 2007<\/p>\n<p><strong>Marco Kreuzpaintner<\/strong><br \/>\nCoaching David Kross | &#8220;Krabat&#8221; | 2006<\/p>\n<p><strong>CineCentrum Berlin<\/strong><br \/>\nCoaching Nadja Auermann | &#8220;Letztes Kapitel&#8221; | 2005<\/p>\n<p><strong>\u00d6-Film-Produktion<\/strong><br \/>\nCoaching Robert Seelinger | &#8220;Sommer 04&#8221; | 2005<\/p>\n<p><strong>X-Filme<\/strong><br \/>\nCoaching Ingeborg Westphal | &#8220;Der rote Kakadu&#8221; | 2005<\/p>\n<p><strong>Michael Steiner<\/strong><br \/>\nCoaching Pasquale Aleardo, Hanspeter M\u00fcller-Drossaart, L\u00e4szio Kish, Michael Neuenschwander, Gilles Tschudi | &#8220;Grounding&#8221; | 2005<\/p>\n<p><strong>OLGA Film<\/strong><br \/>\nCoaching Martin Goeres | &#8220;Napola&#8221; | 2003<\/p>\n<h3>Vortr\u00e4ge &amp; Workshops:<\/h3>\n<p><strong>Internationale Tagung f\u00fcr Phoniatrie und P\u00e4daudiolgie, Universit\u00e4tsklinikum M\u00fcnster 2025<\/strong><br \/>\nTutorium<\/p>\n<p><strong>College of Music and Art, Kapstadt<\/strong>\u00a0<strong>2025<\/strong><br \/>\n&#8220;The therapy of the highly trained voice and its preservation in the professional music world&#8221;<\/p>\n<p><strong>Mozarteum Salzburg<\/strong> <strong>2023<\/strong><br \/>\nVortrag Popularmusik<\/p>\n<p><strong>MUC Wien 2023<\/strong><br \/>\nVortrag\/Workshop<\/p>\n<p><strong>Gesangsp\u00e4dagogisches Symposion Wien 2021\/2022<\/strong><br \/>\nVortrag\/Workshops &#8220;Die Therapie und Erhaltung der Hochausgebildeten Stimme&#8221;<\/p>\n<p><strong>SRH Hochschule der popul\u00e4ren K\u00fcnste Berlin, Symposium &#8220;Gesangsausbildung in den popul\u00e4ren Stilen&#8221; 2018 \/ 2020<br \/>\n<\/strong>Vortrag &#8220;Die Ausbildung der Popularmusikstimme unter dem Gesichtspunkt der Stimmerhaltung&#8221;<\/p>\n<p><strong>Bund Deutscher Gesangsp\u00e4dagogen Essen 2013 \/ 2019<\/strong><br \/>\nVortrag &#8220;Die Therapie und Erhaltung der Hochausgebildeten Stimme&#8221;<\/p>\n","protected":false},"excerpt":{"rendered":"<p>Referenzen Aus Diskretionsgr\u00fcnden kann ich die Namen einiger prominenter S\u00e4nger und Schauspieler in meinen Referenzen nicht nennen. Einzelcoaching f\u00fcr S\u00e4nger: Klassischer Gesang Rupert Enticknap | Massimo Giordano | Nicole Haslett | Ina Kancheva | Christiane Karg | Sarah van der Kemp | Philipp Mathmann | G\u00fcnther Papendell | Alma Sad\u00e9 | Fatma Said | Ursula &hellip; <a href=\"https:\/\/freiestimme.de\/en\/referenzen\/\" class=\"more-link\">Continue reading <span class=\"screen-reader-text\">Referenzen<\/span><\/a><\/p>\n","protected":false},"author":1,"featured_media":0,"parent":0,"menu_order":0,"comment_status":"closed","ping_status":"closed","template":"","meta":{"footnotes":""},"_links":{"self":[{"href":"https:\/\/freiestimme.de\/en\/wp-json\/wp\/v2\/pages\/54"}],"collection":[{"href":"https:\/\/freiestimme.de\/en\/wp-json\/wp\/v2\/pages"}],"about":[{"href":"https:\/\/freiestimme.de\/en\/wp-json\/wp\/v2\/types\/page"}],"author":[{"embeddable":true,"href":"https:\/\/freiestimme.de\/en\/wp-json\/wp\/v2\/users\/1"}],"replies":[{"embeddable":true,"href":"https:\/\/freiestimme.de\/en\/wp-json\/wp\/v2\/comments?post=54"}],"version-history":[{"count":36,"href":"https:\/\/freiestimme.de\/en\/wp-json\/wp\/v2\/pages\/54\/revisions"}],"predecessor-version":[{"id":348,"href":"https:\/\/freiestimme.de\/en\/wp-json\/wp\/v2\/pages\/54\/revisions\/348"}],"wp:attachment":[{"href":"https:\/\/freiestimme.de\/en\/wp-json\/wp\/v2\/media?parent=54"}],"curies":[{"name":"wp","href":"https:\/\/api.w.org\/{rel}","templated":true}]}}